{"id":1464,"date":"2022-06-26T15:49:01","date_gmt":"2022-06-26T18:49:01","guid":{"rendered":"https:\/\/anacarolinabiasi.com.br\/?page_id=1464"},"modified":"2022-08-24T11:04:41","modified_gmt":"2022-08-24T14:04:41","slug":"blog-direito-imobiliario-1","status":"publish","type":"page","link":"https:\/\/anacarolinabiasi.com.br\/index.php\/blog-direito-imobiliario-1\/","title":{"rendered":"Blog Direito Imobili\u00e1rio"},"content":{"rendered":"\t\t<div data-elementor-type=\"wp-page\" data-elementor-id=\"1464\" class=\"elementor elementor-1464\">\n\t\t\t\t\t\t<section class=\"elementor-section elementor-top-section elementor-element elementor-element-84883f0 elementor-section-height-min-height elementor-section-boxed elementor-section-height-default elementor-section-items-middle\" data-id=\"84883f0\" data-element_type=\"section\" data-e-type=\"section\" data-settings=\"{&quot;background_background&quot;:&quot;classic&quot;}\">\n\t\t\t\t\t\t<div class=\"elementor-container elementor-column-gap-default\">\n\t\t\t\t\t<div class=\"elementor-column elementor-col-100 elementor-top-column elementor-element elementor-element-ecf98ff\" data-id=\"ecf98ff\" data-element_type=\"column\" data-e-type=\"column\">\n\t\t\t<div class=\"elementor-widget-wrap elementor-element-populated\">\n\t\t\t\t\t\t<div class=\"elementor-element elementor-element-627ecc8 elementor-widget elementor-widget-heading\" data-id=\"627ecc8\" data-element_type=\"widget\" data-e-type=\"widget\" data-widget_type=\"heading.default\">\n\t\t\t\t<div class=\"elementor-widget-container\">\n\t\t\t\t\t<h2 class=\"elementor-heading-title elementor-size-default\">Blog Direito Imobili\u00e1rio <\/h2>\t\t\t\t<\/div>\n\t\t\t\t<\/div>\n\t\t\t\t<div class=\"elementor-element elementor-element-56c3992 elementor-widget elementor-widget-heading\" data-id=\"56c3992\" data-element_type=\"widget\" data-e-type=\"widget\" data-widget_type=\"heading.default\">\n\t\t\t\t<div class=\"elementor-widget-container\">\n\t\t\t\t\t<h6 class=\"elementor-heading-title elementor-size-default\">Informa\u00e7\u00f5es \u00fateis para voc\u00ea se manter atualizado.<\/h6>\t\t\t\t<\/div>\n\t\t\t\t<\/div>\n\t\t\t\t\t<\/div>\n\t\t<\/div>\n\t\t\t\t\t<\/div>\n\t\t<\/section>\n\t\t\t\t<section class=\"elementor-section elementor-top-section elementor-element elementor-element-c9743aa elementor-section-boxed elementor-section-height-default elementor-section-height-default\" data-id=\"c9743aa\" data-element_type=\"section\" data-e-type=\"section\">\n\t\t\t\t\t\t<div class=\"elementor-container elementor-column-gap-default\">\n\t\t\t\t\t<div class=\"elementor-column elementor-col-100 elementor-top-column elementor-element elementor-element-03cf058\" data-id=\"03cf058\" data-element_type=\"column\" data-e-type=\"column\" data-settings=\"{&quot;background_background&quot;:&quot;classic&quot;}\">\n\t\t\t<div class=\"elementor-widget-wrap elementor-element-populated\">\n\t\t\t\t\t\t<div class=\"elementor-element elementor-element-3f7ed1f elementor-grid-3 elementor-grid-tablet-2 elementor-grid-mobile-1 elementor-posts--thumbnail-top elementor-widget elementor-widget-posts\" data-id=\"3f7ed1f\" data-element_type=\"widget\" data-e-type=\"widget\" data-settings=\"{&quot;pagination_type&quot;:&quot;load_more_infinite_scroll&quot;,&quot;classic_columns&quot;:&quot;3&quot;,&quot;classic_columns_tablet&quot;:&quot;2&quot;,&quot;classic_columns_mobile&quot;:&quot;1&quot;,&quot;classic_row_gap&quot;:{&quot;unit&quot;:&quot;px&quot;,&quot;size&quot;:35,&quot;sizes&quot;:[]},&quot;classic_row_gap_tablet&quot;:{&quot;unit&quot;:&quot;px&quot;,&quot;size&quot;:&quot;&quot;,&quot;sizes&quot;:[]},&quot;classic_row_gap_mobile&quot;:{&quot;unit&quot;:&quot;px&quot;,&quot;size&quot;:&quot;&quot;,&quot;sizes&quot;:[]},&quot;load_more_spinner&quot;:{&quot;value&quot;:&quot;fas fa-spinner&quot;,&quot;library&quot;:&quot;fa-solid&quot;}}\" data-widget_type=\"posts.classic\">\n\t\t\t\t<div class=\"elementor-widget-container\">\n\t\t\t\t\t\t\t<div class=\"elementor-posts-container elementor-posts elementor-posts--skin-classic elementor-grid\">\n\t\t\t\t<article class=\"elementor-post elementor-grid-item post-1558 post type-post status-publish format-standard has-post-thumbnail hentry category-sem-categoria\">\n\t\t\t\t<a class=\"elementor-post__thumbnail__link\" href=\"https:\/\/anacarolinabiasi.com.br\/index.php\/2022\/06\/27\/procuracao-na-compra-e-venda-de-imovel-o-que-voce-precisa-saber-2\/\" >\n\t\t\t<div class=\"elementor-post__thumbnail\"><img fetchpriority=\"high\" decoding=\"async\" width=\"768\" height=\"512\" src=\"https:\/\/anacarolinabiasi.com.br\/wp-content\/uploads\/2022\/06\/man-sign-paper-5710164-768x512.jpg\" class=\"attachment-medium_large size-medium_large wp-image-1514\" alt=\"man, sign, paper-5710164.jpg\" srcset=\"https:\/\/anacarolinabiasi.com.br\/wp-content\/uploads\/2022\/06\/man-sign-paper-5710164-768x512.jpg 768w, https:\/\/anacarolinabiasi.com.br\/wp-content\/uploads\/2022\/06\/man-sign-paper-5710164-300x200.jpg 300w, https:\/\/anacarolinabiasi.com.br\/wp-content\/uploads\/2022\/06\/man-sign-paper-5710164-1024x682.jpg 1024w, https:\/\/anacarolinabiasi.com.br\/wp-content\/uploads\/2022\/06\/man-sign-paper-5710164.jpg 1280w\" sizes=\"(max-width: 768px) 100vw, 768px\" \/><\/div>\n\t\t<\/a>\n\t\t\t\t<div class=\"elementor-post__text\">\n\t\t\t\t<h3 class=\"elementor-post__title\">\n\t\t\t<a href=\"https:\/\/anacarolinabiasi.com.br\/index.php\/2022\/06\/27\/procuracao-na-compra-e-venda-de-imovel-o-que-voce-precisa-saber-2\/\" >\n\t\t\t\tProcura\u00e7\u00e3o na compra e venda de im\u00f3vel: O que voc\u00ea precisa saber?\t\t\t<\/a>\n\t\t<\/h3>\n\t\t\t\t<div class=\"elementor-post__excerpt\">\n\t\t\t<p>A legisla\u00e7\u00e3o brasileira permite que neg\u00f3cios jur\u00eddicos sejam celebrados por meio de procuradores, ou seja, terceiros que representam a vontade de, pelo menos, uma<\/p>\n\t\t<\/div>\n\t\t\t\t\t<a class=\"elementor-post__read-more\" href=\"https:\/\/anacarolinabiasi.com.br\/index.php\/2022\/06\/27\/procuracao-na-compra-e-venda-de-imovel-o-que-voce-precisa-saber-2\/\" >\n\t\t\t\tLer mais\t\t\t<\/a>\n\t\t\t\t<\/div>\n\t\t\t\t<\/article>\n\t\t\t\t<article class=\"elementor-post elementor-grid-item post-1554 post type-post status-publish format-standard has-post-thumbnail hentry category-sem-categoria\">\n\t\t\t\t<a class=\"elementor-post__thumbnail__link\" href=\"https:\/\/anacarolinabiasi.com.br\/index.php\/2022\/06\/27\/posso-abrir-mao-da-minha-heranca\/\" >\n\t\t\t<div class=\"elementor-post__thumbnail\"><img decoding=\"async\" width=\"768\" height=\"512\" src=\"https:\/\/anacarolinabiasi.com.br\/wp-content\/uploads\/2022\/06\/apartment-accommodation-flat-406901-768x512.jpg\" class=\"attachment-medium_large size-medium_large wp-image-1555\" alt=\"apartment, accommodation, flat-406901.jpg\" srcset=\"https:\/\/anacarolinabiasi.com.br\/wp-content\/uploads\/2022\/06\/apartment-accommodation-flat-406901-768x512.jpg 768w, https:\/\/anacarolinabiasi.com.br\/wp-content\/uploads\/2022\/06\/apartment-accommodation-flat-406901-300x200.jpg 300w, https:\/\/anacarolinabiasi.com.br\/wp-content\/uploads\/2022\/06\/apartment-accommodation-flat-406901-1024x682.jpg 1024w, https:\/\/anacarolinabiasi.com.br\/wp-content\/uploads\/2022\/06\/apartment-accommodation-flat-406901.jpg 1280w\" sizes=\"(max-width: 768px) 100vw, 768px\" \/><\/div>\n\t\t<\/a>\n\t\t\t\t<div class=\"elementor-post__text\">\n\t\t\t\t<h3 class=\"elementor-post__title\">\n\t\t\t<a href=\"https:\/\/anacarolinabiasi.com.br\/index.php\/2022\/06\/27\/posso-abrir-mao-da-minha-heranca\/\" >\n\t\t\t\tPosso abrir m\u00e3o da minha heran\u00e7a ?\t\t\t<\/a>\n\t\t<\/h3>\n\t\t\t\t<div class=\"elementor-post__excerpt\">\n\t\t\t<p>A legisla\u00e7\u00e3o brasileira permite que o herdeiro renuncie a sua parte da heran\u00e7a&nbsp;(art.&nbsp;1.806&nbsp;do&nbsp;C\u00f3digo Civil). No entanto, essa ren\u00fancia n\u00e3o pode ser feita de qualquer<\/p>\n\t\t<\/div>\n\t\t\t\t\t<a class=\"elementor-post__read-more\" href=\"https:\/\/anacarolinabiasi.com.br\/index.php\/2022\/06\/27\/posso-abrir-mao-da-minha-heranca\/\" >\n\t\t\t\tLer mais\t\t\t<\/a>\n\t\t\t\t<\/div>\n\t\t\t\t<\/article>\n\t\t\t\t<article class=\"elementor-post elementor-grid-item post-1550 post type-post status-publish format-standard has-post-thumbnail hentry category-sem-categoria\">\n\t\t\t\t<a class=\"elementor-post__thumbnail__link\" href=\"https:\/\/anacarolinabiasi.com.br\/index.php\/2022\/06\/27\/regime-de-bens-para-idosos-como-o-stj-entende\/\" >\n\t\t\t<div class=\"elementor-post__thumbnail\"><img decoding=\"async\" width=\"768\" height=\"512\" src=\"https:\/\/anacarolinabiasi.com.br\/wp-content\/uploads\/2022\/06\/couple-seniors-happy-6962202-768x512.jpg\" class=\"attachment-medium_large size-medium_large wp-image-1551\" alt=\"couple, seniors, happy-6962202.jpg\" srcset=\"https:\/\/anacarolinabiasi.com.br\/wp-content\/uploads\/2022\/06\/couple-seniors-happy-6962202-768x512.jpg 768w, https:\/\/anacarolinabiasi.com.br\/wp-content\/uploads\/2022\/06\/couple-seniors-happy-6962202-300x200.jpg 300w, https:\/\/anacarolinabiasi.com.br\/wp-content\/uploads\/2022\/06\/couple-seniors-happy-6962202-1024x682.jpg 1024w, https:\/\/anacarolinabiasi.com.br\/wp-content\/uploads\/2022\/06\/couple-seniors-happy-6962202.jpg 1280w\" sizes=\"(max-width: 768px) 100vw, 768px\" \/><\/div>\n\t\t<\/a>\n\t\t\t\t<div class=\"elementor-post__text\">\n\t\t\t\t<h3 class=\"elementor-post__title\">\n\t\t\t<a href=\"https:\/\/anacarolinabiasi.com.br\/index.php\/2022\/06\/27\/regime-de-bens-para-idosos-como-o-stj-entende\/\" >\n\t\t\t\tRegime de bens para idosos, como o STJ entende?\t\t\t<\/a>\n\t\t<\/h3>\n\t\t\t\t<div class=\"elementor-post__excerpt\">\n\t\t\t<p>\u201cA idade avan\u00e7ada, por si s\u00f3, n\u00e3o pressup\u00f5e a incapacidade do indiv\u00edduo de exercer todos os atos de sua vida civil, normalmente. Muito pelo<\/p>\n\t\t<\/div>\n\t\t\t\t\t<a class=\"elementor-post__read-more\" href=\"https:\/\/anacarolinabiasi.com.br\/index.php\/2022\/06\/27\/regime-de-bens-para-idosos-como-o-stj-entende\/\" >\n\t\t\t\tLer mais\t\t\t<\/a>\n\t\t\t\t<\/div>\n\t\t\t\t<\/article>\n\t\t\t\t<article class=\"elementor-post elementor-grid-item post-1547 post type-post status-publish format-standard has-post-thumbnail hentry category-sem-categoria\">\n\t\t\t\t<a class=\"elementor-post__thumbnail__link\" href=\"https:\/\/anacarolinabiasi.com.br\/index.php\/2022\/06\/27\/usucapiao-entre-herdeiros-e-possivel\/\" >\n\t\t\t<div class=\"elementor-post__thumbnail\"><img loading=\"lazy\" decoding=\"async\" width=\"768\" height=\"512\" src=\"https:\/\/anacarolinabiasi.com.br\/wp-content\/uploads\/2022\/06\/young-people-group-friends-3575167-768x512.jpg\" class=\"attachment-medium_large size-medium_large wp-image-1548\" alt=\"young people, group, friends-3575167.jpg\" srcset=\"https:\/\/anacarolinabiasi.com.br\/wp-content\/uploads\/2022\/06\/young-people-group-friends-3575167-768x512.jpg 768w, https:\/\/anacarolinabiasi.com.br\/wp-content\/uploads\/2022\/06\/young-people-group-friends-3575167-300x200.jpg 300w, https:\/\/anacarolinabiasi.com.br\/wp-content\/uploads\/2022\/06\/young-people-group-friends-3575167-1024x682.jpg 1024w, https:\/\/anacarolinabiasi.com.br\/wp-content\/uploads\/2022\/06\/young-people-group-friends-3575167.jpg 1280w\" sizes=\"(max-width: 768px) 100vw, 768px\" \/><\/div>\n\t\t<\/a>\n\t\t\t\t<div class=\"elementor-post__text\">\n\t\t\t\t<h3 class=\"elementor-post__title\">\n\t\t\t<a href=\"https:\/\/anacarolinabiasi.com.br\/index.php\/2022\/06\/27\/usucapiao-entre-herdeiros-e-possivel\/\" >\n\t\t\t\tUsucapi\u00e3o entre herdeiros: \u00c9 poss\u00edvel?\t\t\t<\/a>\n\t\t<\/h3>\n\t\t\t\t<div class=\"elementor-post__excerpt\">\n\t\t\t<p>Dentre os bens im\u00f3veis que podem ser objetos de usucapi\u00e3o, est\u00e3o aqueles que comp\u00f5em a heran\u00e7a. Todavia, n\u00e3o h\u00e1 consenso na doutrina e na<\/p>\n\t\t<\/div>\n\t\t\t\t\t<a class=\"elementor-post__read-more\" href=\"https:\/\/anacarolinabiasi.com.br\/index.php\/2022\/06\/27\/usucapiao-entre-herdeiros-e-possivel\/\" >\n\t\t\t\tLer mais\t\t\t<\/a>\n\t\t\t\t<\/div>\n\t\t\t\t<\/article>\n\t\t\t\t<article class=\"elementor-post elementor-grid-item post-1544 post type-post status-publish format-standard has-post-thumbnail hentry category-sem-categoria\">\n\t\t\t\t<a class=\"elementor-post__thumbnail__link\" href=\"https:\/\/anacarolinabiasi.com.br\/index.php\/2022\/06\/27\/alienacao-de-patrimonio-comum-do-casal-sem-a-partilha-de-bens-e-possivel\/\" >\n\t\t\t<div class=\"elementor-post__thumbnail\"><img loading=\"lazy\" decoding=\"async\" width=\"768\" height=\"508\" src=\"https:\/\/anacarolinabiasi.com.br\/wp-content\/uploads\/2022\/06\/couple-hands-tattoos-437968-768x508.jpg\" class=\"attachment-medium_large size-medium_large wp-image-1545\" alt=\"couple, hands, tattoos-437968.jpg\" srcset=\"https:\/\/anacarolinabiasi.com.br\/wp-content\/uploads\/2022\/06\/couple-hands-tattoos-437968-768x508.jpg 768w, https:\/\/anacarolinabiasi.com.br\/wp-content\/uploads\/2022\/06\/couple-hands-tattoos-437968-300x199.jpg 300w, https:\/\/anacarolinabiasi.com.br\/wp-content\/uploads\/2022\/06\/couple-hands-tattoos-437968-1024x678.jpg 1024w, https:\/\/anacarolinabiasi.com.br\/wp-content\/uploads\/2022\/06\/couple-hands-tattoos-437968.jpg 1280w\" sizes=\"(max-width: 768px) 100vw, 768px\" \/><\/div>\n\t\t<\/a>\n\t\t\t\t<div class=\"elementor-post__text\">\n\t\t\t\t<h3 class=\"elementor-post__title\">\n\t\t\t<a href=\"https:\/\/anacarolinabiasi.com.br\/index.php\/2022\/06\/27\/alienacao-de-patrimonio-comum-do-casal-sem-a-partilha-de-bens-e-possivel\/\" >\n\t\t\t\tAliena\u00e7\u00e3o de patrim\u00f4nio comum do casal sem a partilha de bens: \u00e9 poss\u00edvel?\t\t\t<\/a>\n\t\t<\/h3>\n\t\t\t\t<div class=\"elementor-post__excerpt\">\n\t\t\t<p>\u00c9 controvertida a natureza jur\u00eddica do estado dos bens do casal que se separa judicialmente ou se divorcia sem ultimar a partilha. Atualmente coexistem<\/p>\n\t\t<\/div>\n\t\t\t\t\t<a class=\"elementor-post__read-more\" href=\"https:\/\/anacarolinabiasi.com.br\/index.php\/2022\/06\/27\/alienacao-de-patrimonio-comum-do-casal-sem-a-partilha-de-bens-e-possivel\/\" >\n\t\t\t\tLer mais\t\t\t<\/a>\n\t\t\t\t<\/div>\n\t\t\t\t<\/article>\n\t\t\t\t<article class=\"elementor-post elementor-grid-item post-1541 post type-post status-publish format-standard has-post-thumbnail hentry category-sem-categoria\">\n\t\t\t\t<a class=\"elementor-post__thumbnail__link\" href=\"https:\/\/anacarolinabiasi.com.br\/index.php\/2022\/06\/27\/o-iptu-pode-ser-cobrado-de-varias-pessoas\/\" >\n\t\t\t<div class=\"elementor-post__thumbnail\"><img loading=\"lazy\" decoding=\"async\" width=\"768\" height=\"512\" src=\"https:\/\/anacarolinabiasi.com.br\/wp-content\/uploads\/2022\/06\/architecture-building-infrastructure-2592869-768x512.jpg\" class=\"attachment-medium_large size-medium_large wp-image-1542\" alt=\"architecture, building, infrastructure-2592869.jpg\" srcset=\"https:\/\/anacarolinabiasi.com.br\/wp-content\/uploads\/2022\/06\/architecture-building-infrastructure-2592869-768x512.jpg 768w, https:\/\/anacarolinabiasi.com.br\/wp-content\/uploads\/2022\/06\/architecture-building-infrastructure-2592869-300x200.jpg 300w, https:\/\/anacarolinabiasi.com.br\/wp-content\/uploads\/2022\/06\/architecture-building-infrastructure-2592869-1024x682.jpg 1024w, https:\/\/anacarolinabiasi.com.br\/wp-content\/uploads\/2022\/06\/architecture-building-infrastructure-2592869.jpg 1280w\" sizes=\"(max-width: 768px) 100vw, 768px\" \/><\/div>\n\t\t<\/a>\n\t\t\t\t<div class=\"elementor-post__text\">\n\t\t\t\t<h3 class=\"elementor-post__title\">\n\t\t\t<a href=\"https:\/\/anacarolinabiasi.com.br\/index.php\/2022\/06\/27\/o-iptu-pode-ser-cobrado-de-varias-pessoas\/\" >\n\t\t\t\tO IPTU pode ser cobrado de v\u00e1rias pessoas?\t\t\t<\/a>\n\t\t<\/h3>\n\t\t\t\t<div class=\"elementor-post__excerpt\">\n\t\t\t<p>O\u00a0C\u00f3digo Tribut\u00e1rio Nacional\u00a0(CTN)\u00a0atribui a responsabilidade pelo pagamento do IPTU a tr\u00eas diferentes sujeitos: (i)&nbsp;O propriet\u00e1rio (pleno, de dom\u00ednio exclusivo ou na condi\u00e7\u00e3o e co-propriet\u00e1rio);<\/p>\n\t\t<\/div>\n\t\t\t\t\t<a class=\"elementor-post__read-more\" href=\"https:\/\/anacarolinabiasi.com.br\/index.php\/2022\/06\/27\/o-iptu-pode-ser-cobrado-de-varias-pessoas\/\" >\n\t\t\t\tLer mais\t\t\t<\/a>\n\t\t\t\t<\/div>\n\t\t\t\t<\/article>\n\t\t\t\t<\/div>\n\n\n\t\t\t\t\t<span class=\"e-load-more-spinner\">\n\t\t\t\t<i aria-hidden=\"true\" class=\"fas fa-spinner\"><\/i>\t\t\t<\/span>\n\t\t\n\t\t\t\t<div class=\"e-load-more-anchor\" data-page=\"1\" data-max-page=\"2\" data-next-page=\"https:\/\/anacarolinabiasi.com.br\/index.php\/wp-json\/wp\/v2\/pages\/1464\/page\/2\/\"><\/div>\n\t\t\t\t<div class=\"e-load-more-message\">N\u00e3o h\u00e1 mais posts.<\/div>\n\t\t\t\t\t\t<\/div>\n\t\t\t\t<\/div>\n\t\t\t\t\t<\/div>\n\t\t<\/div>\n\t\t\t\t\t<\/div>\n\t\t<\/section>\n\t\t\t\t<section class=\"elementor-section elementor-top-section elementor-element elementor-element-b5ab154 elementor-section-boxed elementor-section-height-default elementor-section-height-default\" data-id=\"b5ab154\" data-element_type=\"section\" data-e-type=\"section\">\n\t\t\t\t\t\t<div class=\"elementor-container elementor-column-gap-default\">\n\t\t\t\t\t<div class=\"elementor-column elementor-col-100 elementor-top-column elementor-element elementor-element-f4abaa9\" data-id=\"f4abaa9\" data-element_type=\"column\" data-e-type=\"column\">\n\t\t\t<div class=\"elementor-widget-wrap elementor-element-populated\">\n\t\t\t\t\t\t<div class=\"elementor-element elementor-element-e591c85 elementor-widget elementor-widget-html\" data-id=\"e591c85\" data-element_type=\"widget\" data-e-type=\"widget\" data-widget_type=\"html.default\">\n\t\t\t\t<div class=\"elementor-widget-container\">\n\t\t\t\t\t<style>\n    .elementor-posts .elementor-post__title {\n    font-size: 26px;\n    margin: 0 0 10px;\n}\n.elementor-posts .elementor-post__excerpt {\n    margin-bottom: 0px;\n}\n.elementor-posts .elementor-post__excerpt p {\n    font-size: 15px;\n}\n.elementor-posts .elementor-post__excerpt p::after {\n    content:\"...\";\n}\n.elementor-posts .elementor-post__read-more {\n    font-size: 12px;\n    font-weight: 700;\n    background: var(--ast-global-color-0);\n    color: #fff;\n    padding: 7px 0;\n    margin-top: 10px;\n    display: block;\n    width: 80px;\n    text-align: center;\n}\n<\/style>\t\t\t\t<\/div>\n\t\t\t\t<\/div>\n\t\t\t\t\t<\/div>\n\t\t<\/div>\n\t\t\t\t\t<\/div>\n\t\t<\/section>\n\t\t\t\t<\/div>\n\t\t","protected":false},"excerpt":{"rendered":"<p>Blog Direito Imobili\u00e1rio Informa\u00e7\u00f5es \u00fateis para voc\u00ea se manter atualizado.<\/p>\n","protected":false},"author":1,"featured_media":0,"parent":0,"menu_order":0,"comment_status":"closed","ping_status":"closed","template":"","meta":{"site-sidebar-layout":"no-sidebar","site-content-layout":"page-builder","ast-site-content-layout":"default","site-content-style":"default","site-sidebar-style":"default","ast-global-header-display":"","ast-banner-title-visibility":"","ast-main-header-display":"","ast-hfb-above-header-display":"","ast-hfb-below-header-display":"","ast-hfb-mobile-header-display":"","site-post-title":"disabled","ast-breadcrumbs-content":"","ast-featured-img":"disabled","footer-sml-layout":"","ast-disable-related-posts":"","theme-transparent-header-meta":"","adv-header-id-meta":"","stick-header-meta":"","header-above-stick-meta":"","header-main-stick-meta":"","header-below-stick-meta":"","astra-migrate-meta-layouts":"default","ast-page-background-enabled":"default","ast-page-background-meta":{"desktop":{"background-color":"","background-image":"","background-repeat":"repeat","background-position":"center center","background-size":"auto","background-attachment":"scroll","background-type":"","background-media":"","overlay-type":"","overlay-color":"","overlay-opacity":"","overlay-gradient":""},"tablet":{"background-color":"","background-image":"","background-repeat":"repeat","background-position":"center center","background-size":"auto","background-attachment":"scroll","background-type":"","background-media":"","overlay-type":"","overlay-color":"","overlay-opacity":"","overlay-gradient":""},"mobile":{"background-color":"","background-image":"","background-repeat":"repeat","background-position":"center center","background-size":"auto","background-attachment":"scroll","background-type":"","background-media":"","overlay-type":"","overlay-color":"","overlay-opacity":"","overlay-gradient":""}},"ast-content-background-meta":{"desktop":{"background-color":"var(--ast-global-color-5)","background-image":"","background-repeat":"repeat","background-position":"center center","background-size":"auto","background-attachment":"scroll","background-type":"","background-media":"","overlay-type":"","overlay-color":"","overlay-opacity":"","overlay-gradient":""},"tablet":{"background-color":"var(--ast-global-color-5)","background-image":"","background-repeat":"repeat","background-position":"center center","background-size":"auto","background-attachment":"scroll","background-type":"","background-media":"","overlay-type":"","overlay-color":"","overlay-opacity":"","overlay-gradient":""},"mobile":{"background-color":"var(--ast-global-color-5)","background-image":"","background-repeat":"repeat","background-position":"center center","background-size":"auto","background-attachment":"scroll","background-type":"","background-media":"","overlay-type":"","overlay-color":"","overlay-opacity":"","overlay-gradient":""}},"footnotes":""},"class_list":["post-1464","page","type-page","status-publish","hentry"],"_links":{"self":[{"href":"https:\/\/anacarolinabiasi.com.br\/index.php\/wp-json\/wp\/v2\/pages\/1464","targetHints":{"allow":["GET"]}}],"collection":[{"href":"https:\/\/anacarolinabiasi.com.br\/index.php\/wp-json\/wp\/v2\/pages"}],"about":[{"href":"https:\/\/anacarolinabiasi.com.br\/index.php\/wp-json\/wp\/v2\/types\/page"}],"author":[{"embeddable":true,"href":"https:\/\/anacarolinabiasi.com.br\/index.php\/wp-json\/wp\/v2\/users\/1"}],"replies":[{"embeddable":true,"href":"https:\/\/anacarolinabiasi.com.br\/index.php\/wp-json\/wp\/v2\/comments?post=1464"}],"version-history":[{"count":57,"href":"https:\/\/anacarolinabiasi.com.br\/index.php\/wp-json\/wp\/v2\/pages\/1464\/revisions"}],"predecessor-version":[{"id":1605,"href":"https:\/\/anacarolinabiasi.com.br\/index.php\/wp-json\/wp\/v2\/pages\/1464\/revisions\/1605"}],"wp:attachment":[{"href":"https:\/\/anacarolinabiasi.com.br\/index.php\/wp-json\/wp\/v2\/media?parent=1464"}],"curies":[{"name":"wp","href":"https:\/\/api.w.org\/{rel}","templated":true}]}}