{"id":29,"date":"2021-02-16T16:01:21","date_gmt":"2021-02-16T16:01:21","guid":{"rendered":"https:\/\/anacarolinabiasi.com.br\/index.php\/books\/"},"modified":"2022-06-21T23:46:45","modified_gmt":"2022-06-22T02:46:45","slug":"books","status":"publish","type":"page","link":"https:\/\/anacarolinabiasi.com.br\/index.php\/books\/","title":{"rendered":"Books"},"content":{"rendered":"\t\t<div data-elementor-type=\"wp-page\" data-elementor-id=\"29\" class=\"elementor elementor-29\">\n\t\t\t\t\t\t<section class=\"elementor-section elementor-top-section elementor-element elementor-element-c8c3ce8 elementor-section-height-min-height elementor-section-boxed elementor-section-height-default elementor-section-items-middle\" data-id=\"c8c3ce8\" data-element_type=\"section\" data-e-type=\"section\" data-settings=\"{&quot;background_background&quot;:&quot;classic&quot;}\">\n\t\t\t\t\t\t\t<div class=\"elementor-background-overlay\"><\/div>\n\t\t\t\t\t\t\t<div class=\"elementor-container elementor-column-gap-no\">\n\t\t\t\t\t<div class=\"elementor-column elementor-col-100 elementor-top-column elementor-element elementor-element-eb7b7dc\" data-id=\"eb7b7dc\" data-element_type=\"column\" data-e-type=\"column\">\n\t\t\t<div class=\"elementor-widget-wrap elementor-element-populated\">\n\t\t\t\t\t\t<div class=\"elementor-element elementor-element-3fba627 elementor-widget elementor-widget-heading\" data-id=\"3fba627\" data-element_type=\"widget\" data-e-type=\"widget\" data-widget_type=\"heading.default\">\n\t\t\t\t<div class=\"elementor-widget-container\">\n\t\t\t\t\t<h6 class=\"elementor-heading-title elementor-size-default\">Taxas cobradas pelo Cart\u00f3rio <\/h6>\t\t\t\t<\/div>\n\t\t\t\t<\/div>\n\t\t\t\t<div class=\"elementor-element elementor-element-5e286b8 elementor-widget elementor-widget-heading\" data-id=\"5e286b8\" data-element_type=\"widget\" data-e-type=\"widget\" data-widget_type=\"heading.default\">\n\t\t\t\t<div class=\"elementor-widget-container\">\n\t\t\t\t\t<h1 class=\"elementor-heading-title elementor-size-default\">Emolumentos<\/h1>\t\t\t\t<\/div>\n\t\t\t\t<\/div>\n\t\t\t\t\t<\/div>\n\t\t<\/div>\n\t\t\t\t\t<\/div>\n\t\t<\/section>\n\t\t\t\t<section class=\"elementor-section elementor-top-section elementor-element elementor-element-9128bea elementor-section-boxed elementor-section-height-default elementor-section-height-default\" data-id=\"9128bea\" data-element_type=\"section\" data-e-type=\"section\">\n\t\t\t\t\t\t<div class=\"elementor-container elementor-column-gap-no\">\n\t\t\t\t\t<div class=\"elementor-column elementor-col-100 elementor-top-column elementor-element elementor-element-b49e33d\" data-id=\"b49e33d\" data-element_type=\"column\" data-e-type=\"column\">\n\t\t\t<div class=\"elementor-widget-wrap elementor-element-populated\">\n\t\t\t\t\t\t<section class=\"elementor-section elementor-inner-section elementor-element elementor-element-c731abc elementor-section-boxed elementor-section-height-default elementor-section-height-default\" data-id=\"c731abc\" data-element_type=\"section\" data-e-type=\"section\">\n\t\t\t\t\t\t<div class=\"elementor-container elementor-column-gap-no\">\n\t\t\t\t\t<div class=\"elementor-column elementor-col-100 elementor-inner-column elementor-element elementor-element-0ef450f\" data-id=\"0ef450f\" data-element_type=\"column\" data-e-type=\"column\">\n\t\t\t<div class=\"elementor-widget-wrap elementor-element-populated\">\n\t\t\t\t\t\t<div class=\"elementor-element elementor-element-515de73 elementor-widget elementor-widget-heading\" data-id=\"515de73\" data-element_type=\"widget\" data-e-type=\"widget\" data-widget_type=\"heading.default\">\n\t\t\t\t<div class=\"elementor-widget-container\">\n\t\t\t\t\t<h2 class=\"elementor-heading-title elementor-size-default\">Tabelionato de Notas<\/h2>\t\t\t\t<\/div>\n\t\t\t\t<\/div>\n\t\t\t\t<div class=\"elementor-element elementor-element-ba09efc elementor-widget-divider--view-line elementor-widget elementor-widget-divider\" data-id=\"ba09efc\" data-element_type=\"widget\" data-e-type=\"widget\" data-widget_type=\"divider.default\">\n\t\t\t\t<div class=\"elementor-widget-container\">\n\t\t\t\t\t\t\t<div class=\"elementor-divider\">\n\t\t\t<span class=\"elementor-divider-separator\">\n\t\t\t\t\t\t<\/span>\n\t\t<\/div>\n\t\t\t\t\t\t<\/div>\n\t\t\t\t<\/div>\n\t\t\t\t\t<\/div>\n\t\t<\/div>\n\t\t\t\t\t<\/div>\n\t\t<\/section>\n\t\t\t\t<div class=\"elementor-element elementor-element-8f7d724 elementor-widget elementor-widget-shortcode\" data-id=\"8f7d724\" data-element_type=\"widget\" data-e-type=\"widget\" data-widget_type=\"shortcode.default\">\n\t\t\t\t<div class=\"elementor-widget-container\">\n\t\t\t\t\t\t\t<div class=\"elementor-shortcode\">\n<table id=\"tablepress-4\" class=\"tablepress tablepress-id-4\">\n<thead>\n<tr class=\"row-1\">\n\t<th class=\"column-1\">Valor atribu\u00eddo ao neg\u00f3cio<\/th><th class=\"column-2\">Valor aproximado da Escritura P\u00fablica<\/th>\n<\/tr>\n<\/thead>\n<tbody class=\"row-striping row-hover\">\n<tr class=\"row-2\">\n\t<td class=\"column-1\">At\u00e9 R$ 1.268,00<\/td><td class=\"column-2\">R$ 293,20<\/td>\n<\/tr>\n<tr class=\"row-3\">\n\t<td class=\"column-1\">De R$ 1.268,01 at\u00e9 R$ 4.794,00<\/td><td class=\"column-2\">R$ 438,15<\/td>\n<\/tr>\n<tr class=\"row-4\">\n\t<td class=\"column-1\">De R$ 4.794,01 at\u00e9 R$ 7.991,00<\/td><td class=\"column-2\">R$ 684,14<\/td>\n<\/tr>\n<tr class=\"row-5\">\n\t<td class=\"column-1\">De R$ 7.991,01 at\u00e9 R$ 15.985,00<\/td><td class=\"column-2\">R$ 977,34<\/td>\n<\/tr>\n<tr class=\"row-6\">\n\t<td class=\"column-1\">De R$ 15.985,01 at\u00e9 R$ 31.970,00<\/td><td class=\"column-2\">R$ 1.321,07<\/td>\n<\/tr>\n<tr class=\"row-7\">\n\t<td class=\"column-1\">De R$  31.970,01 at\u00e9 R$ 63.940,00<\/td><td class=\"column-2\">R$ 1.567,12<\/td>\n<\/tr>\n<tr class=\"row-8\">\n\t<td class=\"column-1\">De R$ 63.940,01 at\u00e9 R$ 95.910,00<\/td><td class=\"column-2\">R$ 1.860,33<\/td>\n<\/tr>\n<tr class=\"row-9\">\n\t<td class=\"column-1\">De R$ 95.910,01 at\u00e9 R$ 127.880,01<\/td><td class=\"column-2\">R$ 2.204,05<\/td>\n<\/tr>\n<tr class=\"row-10\">\n\t<td class=\"column-1\">De R$ 127.880,01 at\u00e9 R$ 159.850,01<\/td><td class=\"column-2\">R$ 2.497,33<\/td>\n<\/tr>\n<tr class=\"row-11\">\n\t<td class=\"column-1\">De R$ 159.850,01 at\u00e9 R$ 191.820,00<\/td><td class=\"column-2\">R$ 2.793,88<\/td>\n<\/tr>\n<tr class=\"row-12\">\n\t<td class=\"column-1\">De R$ 191.820,01 at\u00e9 R$ 223.790,00<\/td><td class=\"column-2\">R$ 3.134,26<\/td>\n<\/tr>\n<tr class=\"row-13\">\n\t<td class=\"column-1\">De R$ 223.790,01 at\u00e9 R$ 255.760,00<\/td><td class=\"column-2\">R$ 3.430,87<\/td>\n<\/tr>\n<tr class=\"row-14\">\n\t<td class=\"column-1\">De R$ 255.760,01 at\u00e9 R$ 274.721,00<\/td><td class=\"column-2\">R$ 3.774,60<\/td>\n<\/tr>\n<tr class=\"row-15\">\n\t<td class=\"column-1\">De R$ 274.721,01 at\u00e9 R$ 319.700,00<\/td><td class=\"column-2\">R$ 4.017,26<\/td>\n<\/tr>\n<tr class=\"row-16\">\n\t<td class=\"column-1\">De R$ 319.700,01 at\u00e9 R$ 639.400,00<\/td><td class=\"column-2\">R$ 4.458,75<\/td>\n<\/tr>\n<tr class=\"row-17\">\n\t<td class=\"column-1\">De R$ 639.400,01 at\u00e9 R$ 959.100,01<\/td><td class=\"column-2\">R$ 4.950,79<\/td>\n<\/tr>\n<tr class=\"row-18\">\n\t<td class=\"column-1\">De R$ 959.100,01 at\u00e9 R$ 1.278.800,00\t<\/td><td class=\"column-2\">R$ 5.490,02<\/td>\n<\/tr>\n<tr class=\"row-19\">\n\t<td class=\"column-1\">De R$ 1.278.800,01 at\u00e9 R$ 1.951.373,00<\/td><td class=\"column-2\">R$ 6.066,33<\/td>\n<\/tr>\n<tr class=\"row-20\">\n\t<td class=\"column-1\">De R$ 1.951.373,01 at\u00e9 R$ 3.252.289,00<\/td><td class=\"column-2\">R$ 8.425,49<\/td>\n<\/tr>\n<tr class=\"row-21\">\n\t<td class=\"column-1\">De R$ 3.252.289,01 at\u00e9 R$ 4.878.433,00<\/td><td class=\"column-2\">R$ 10.953,09<\/td>\n<\/tr>\n<tr class=\"row-22\">\n\t<td class=\"column-1\">De R$ 4.878.433,01 at\u00e9 R$ 6.504.578,00<\/td><td class=\"column-2\">R$ 13.480,77<\/td>\n<\/tr>\n<tr class=\"row-23\">\n\t<td class=\"column-1\">De R$ 6.504.578,01 at\u00e9 R$ 8.130.722,00<\/td><td class=\"column-2\">R$ 16.008,37<\/td>\n<\/tr>\n<tr class=\"row-24\">\n\t<td class=\"column-1\">De R$ 8.130.722,01 at\u00e9 R$ 9.756.867,00<\/td><td class=\"column-2\">R$ 18.535,98<\/td>\n<\/tr>\n<tr class=\"row-25\">\n\t<td class=\"column-1\">De R$ 9.756.867,01 at\u00e9 R$ 11.383.011,00<\/td><td class=\"column-2\">R$ 21.063,65<\/td>\n<\/tr>\n<tr class=\"row-26\">\n\t<td class=\"column-1\">De R$ 11.383.011,01 at\u00e9 R$ 13.009.156,01<\/td><td class=\"column-2\">R$ 23.591,25<\/td>\n<\/tr>\n<tr class=\"row-27\">\n\t<td class=\"column-1\">De R$ 13.009.156,01 at\u00e9 R$ 14.635.300,00<\/td><td class=\"column-2\">R$ 26.118,89<\/td>\n<\/tr>\n<tr class=\"row-28\">\n\t<td class=\"column-1\">De R$ 14.635.300,01 at\u00e9 R$ 16.261.445,00<\/td><td class=\"column-2\">R$ 28.646,60<\/td>\n<\/tr>\n<tr class=\"row-29\">\n\t<td class=\"column-1\">De R$ 16.261.445,01 at\u00e9 R$ 19.513.733,00<\/td><td class=\"column-2\">R$ 33.701,87<\/td>\n<\/tr>\n<tr class=\"row-30\">\n\t<td class=\"column-1\">De R$ 19.513.733,01 at\u00e9 R$ 22.766.022,00<\/td><td class=\"column-2\">R$ 38.757,11<\/td>\n<\/tr>\n<tr class=\"row-31\">\n\t<td class=\"column-1\">De R$ 22.766.022,01 at\u00e9 R$ 26.018.311,00<\/td><td class=\"column-2\">R$ 43.812,40<\/td>\n<\/tr>\n<tr class=\"row-32\">\n\t<td class=\"column-1\">De R$ 26.018.311,01 at\u00e9 R$ 29.270.600,00<\/td><td class=\"column-2\">R$ 48.867,64<\/td>\n<\/tr>\n<tr class=\"row-33\">\n\t<td class=\"column-1\">Acima de R$ 29.270.600,01<\/td><td class=\"column-2\">R$ 53.922,98<\/td>\n<\/tr>\n<\/tbody>\n<\/table>\n<!-- #tablepress-4 from cache --><\/div>\n\t\t\t\t\t\t<\/div>\n\t\t\t\t<\/div>\n\t\t\t\t<div class=\"elementor-element elementor-element-5d4a6e8 elementor-widget elementor-widget-spacer\" data-id=\"5d4a6e8\" data-element_type=\"widget\" data-e-type=\"widget\" data-widget_type=\"spacer.default\">\n\t\t\t\t<div class=\"elementor-widget-container\">\n\t\t\t\t\t\t\t<div class=\"elementor-spacer\">\n\t\t\t<div class=\"elementor-spacer-inner\"><\/div>\n\t\t<\/div>\n\t\t\t\t\t\t<\/div>\n\t\t\t\t<\/div>\n\t\t\t\t<section class=\"elementor-section elementor-inner-section elementor-element elementor-element-a0472da elementor-section-boxed elementor-section-height-default elementor-section-height-default\" data-id=\"a0472da\" data-element_type=\"section\" data-e-type=\"section\">\n\t\t\t\t\t\t<div class=\"elementor-container elementor-column-gap-default\">\n\t\t\t\t\t<div class=\"elementor-column elementor-col-100 elementor-inner-column elementor-element elementor-element-776ab7a\" data-id=\"776ab7a\" data-element_type=\"column\" data-e-type=\"column\">\n\t\t\t<div class=\"elementor-widget-wrap elementor-element-populated\">\n\t\t\t\t\t\t<div class=\"elementor-element elementor-element-418c5f0 elementor-widget elementor-widget-heading\" data-id=\"418c5f0\" data-element_type=\"widget\" data-e-type=\"widget\" data-widget_type=\"heading.default\">\n\t\t\t\t<div class=\"elementor-widget-container\">\n\t\t\t\t\t<h2 class=\"elementor-heading-title elementor-size-default\">Cart\u00f3rio de Registro de Im\u00f3veis<\/h2>\t\t\t\t<\/div>\n\t\t\t\t<\/div>\n\t\t\t\t<div class=\"elementor-element elementor-element-8606e07 elementor-widget-divider--view-line elementor-widget elementor-widget-divider\" data-id=\"8606e07\" data-element_type=\"widget\" data-e-type=\"widget\" data-widget_type=\"divider.default\">\n\t\t\t\t<div class=\"elementor-widget-container\">\n\t\t\t\t\t\t\t<div class=\"elementor-divider\">\n\t\t\t<span class=\"elementor-divider-separator\">\n\t\t\t\t\t\t<\/span>\n\t\t<\/div>\n\t\t\t\t\t\t<\/div>\n\t\t\t\t<\/div>\n\t\t\t\t\t<\/div>\n\t\t<\/div>\n\t\t\t\t\t<\/div>\n\t\t<\/section>\n\t\t\t\t<section class=\"elementor-section elementor-inner-section elementor-element elementor-element-db7c597 elementor-section-boxed elementor-section-height-default elementor-section-height-default\" data-id=\"db7c597\" data-element_type=\"section\" data-e-type=\"section\">\n\t\t\t\t\t\t<div class=\"elementor-container elementor-column-gap-default\">\n\t\t\t\t\t<div class=\"elementor-column elementor-col-100 elementor-inner-column elementor-element elementor-element-6d20c69\" data-id=\"6d20c69\" data-element_type=\"column\" data-e-type=\"column\">\n\t\t\t<div class=\"elementor-widget-wrap elementor-element-populated\">\n\t\t\t\t\t\t<div class=\"elementor-element elementor-element-860e5cd elementor-widget elementor-widget-shortcode\" data-id=\"860e5cd\" data-element_type=\"widget\" data-e-type=\"widget\" data-widget_type=\"shortcode.default\">\n\t\t\t\t<div class=\"elementor-widget-container\">\n\t\t\t\t\t\t\t<div class=\"elementor-shortcode\">\n<table id=\"tablepress-5\" class=\"tablepress tablepress-id-5\">\n<thead>\n<tr class=\"row-1\">\n\t<th class=\"column-1\">Valor atribu\u00eddo ao neg\u00f3cio<\/th><th class=\"column-2\">Valor aproximado do Registro<\/th>\n<\/tr>\n<\/thead>\n<tbody class=\"row-striping row-hover\">\n<tr class=\"row-2\">\n\t<td class=\"column-1\">At\u00e9 R$ 1.919,00<\/td><td class=\"column-2\">R$ 216,67<\/td>\n<\/tr>\n<tr class=\"row-3\">\n\t<td class=\"column-1\">De R$ 1.919,00 at\u00e9 R$ 4.794,00<\/td><td class=\"column-2\">R$ 347,68<\/td>\n<\/tr>\n<tr class=\"row-4\">\n\t<td class=\"column-1\">De R$ 4.794,01 at\u00e9 R$ 7.991,00<\/td><td class=\"column-2\">R$ 623,73<\/td>\n<\/tr>\n<tr class=\"row-5\">\n\t<td class=\"column-1\">De R$ 7.991,01 at\u00e9 R$ 15.985,00<\/td><td class=\"column-2\">R$ 925,46<\/td>\n<\/tr>\n<tr class=\"row-6\">\n\t<td class=\"column-1\">De R$ 15.985,01 at\u00e9 R$ 31.970,00<\/td><td class=\"column-2\">R$ 1.125,14<\/td>\n<\/tr>\n<tr class=\"row-7\">\n\t<td class=\"column-1\">De R$  31.970,01 at\u00e9 R$ 95.910,00<\/td><td class=\"column-2\">R$ 1.254,77<\/td>\n<\/tr>\n<tr class=\"row-8\">\n\t<td class=\"column-1\">De R$ 95.910,01 at\u00e9 R$ 159.850,00<\/td><td class=\"column-2\">R$ 1.601,53<\/td>\n<\/tr>\n<tr class=\"row-9\">\n\t<td class=\"column-1\">De R$ 159.850,01 at\u00e9 R$ 191.820,00<\/td><td class=\"column-2\">R$ 1.947,59<\/td>\n<\/tr>\n<tr class=\"row-10\">\n\t<td class=\"column-1\">De R$ 191.820,01 at\u00e9 R$ 223.790,00<\/td><td class=\"column-2\">R$ 2.120,27<\/td>\n<\/tr>\n<tr class=\"row-11\">\n\t<td class=\"column-1\">De R$ 223.790,01 at\u00e9 R$ 255.760,00<\/td><td class=\"column-2\">R$ 2.293,94<\/td>\n<\/tr>\n<tr class=\"row-12\">\n\t<td class=\"column-1\">De R$ 255.760,01 at\u00e9 R$ 287.730,00<\/td><td class=\"column-2\">R$ 2.418,26<\/td>\n<\/tr>\n<tr class=\"row-13\">\n\t<td class=\"column-1\">De R$ 287.730,01 at\u00e9 R$ 319.700,00<\/td><td class=\"column-2\">R$ 2.481,32<\/td>\n<\/tr>\n<tr class=\"row-14\">\n\t<td class=\"column-1\">De R$ 319.700,01 at\u00e9 R$ 639.400,00<\/td><td class=\"column-2\">R$ 2.766,67<\/td>\n<\/tr>\n<tr class=\"row-15\">\n\t<td class=\"column-1\">De R$ 639.400,01 at\u00e9 R$ 959.100,00<\/td><td class=\"column-2\">R$ 3.240,05<\/td>\n<\/tr>\n<tr class=\"row-16\">\n\t<td class=\"column-1\">De R$ 959.100,01 at\u00e9 R$ 1.278.800,00<\/td><td class=\"column-2\">R$ 3.730,06<\/td>\n<\/tr>\n<tr class=\"row-17\">\n\t<td class=\"column-1\">De R$ 1.278.800,01 at\u00e9 R$ 1.598.500,00<\/td><td class=\"column-2\">R$ 4.220,15<\/td>\n<\/tr>\n<tr class=\"row-18\">\n\t<td class=\"column-1\">De R$ 1.598.500,01 at\u00e9 R$ 1.918.200,00\t<\/td><td class=\"column-2\">R$ 4.473,52<\/td>\n<\/tr>\n<tr class=\"row-19\">\n\t<td class=\"column-1\">De R$ 1.918.200,01 at\u00e9 R$ 3.197.000,00<\/td><td class=\"column-2\">R$ 5.740,32<\/td>\n<\/tr>\n<tr class=\"row-20\">\n\t<td class=\"column-1\">De R$ 3.197.000,01 at\u00e9 R$ 4.795.500,00<\/td><td class=\"column-2\">R$ 8.020,56<\/td>\n<\/tr>\n<tr class=\"row-21\">\n\t<td class=\"column-1\">De R$ 4.795.500,01 at\u00e9 R$ 6.394.000,00<\/td><td class=\"column-2\">R$ 10.554,15<\/td>\n<\/tr>\n<tr class=\"row-22\">\n\t<td class=\"column-1\">De R$ 6.394.000,01 at\u00e9 R$ 7.992.500,00\t<\/td><td class=\"column-2\">R$ 13.087,76<\/td>\n<\/tr>\n<tr class=\"row-23\">\n\t<td class=\"column-1\">De R$ 7.992.500,01 at\u00e9 R$ 9.591.000,00<\/td><td class=\"column-2\">R$ 15.621,36<\/td>\n<\/tr>\n<tr class=\"row-24\">\n\t<td class=\"column-1\">De R$ 9.591.000,01 at\u00e9 R$ 11.189.500,00<\/td><td class=\"column-2\">R$ 18.154,97<\/td>\n<\/tr>\n<tr class=\"row-25\">\n\t<td class=\"column-1\">De R$ 11.189.500,01 at\u00e9 R$ 12.788.000,00<\/td><td class=\"column-2\">R$ 20.688,55<\/td>\n<\/tr>\n<tr class=\"row-26\">\n\t<td class=\"column-1\">De R$ 12.788.000,01 at\u00e9 R$ 14.386.500,00\t<\/td><td class=\"column-2\">R$ 23.222,18<\/td>\n<\/tr>\n<tr class=\"row-27\">\n\t<td class=\"column-1\">De R$ 14.386.500,01 at\u00e9 R$ 15.985.000,00<\/td><td class=\"column-2\">R$ 25.755,77<\/td>\n<\/tr>\n<tr class=\"row-28\">\n\t<td class=\"column-1\">De R$ 15.985.000,01 at\u00e9 R$ 19.182.000,00<\/td><td class=\"column-2\">R$ 29.556,18<\/td>\n<\/tr>\n<tr class=\"row-29\">\n\t<td class=\"column-1\">De R$ 19.182.000,01 at\u00e9 R$ 22.379.000,00<\/td><td class=\"column-2\">R$ 34.623,40<\/td>\n<\/tr>\n<tr class=\"row-30\">\n\t<td class=\"column-1\">De R$ 22.379.000,01 at\u00e9 R$ 25.576.000,00<\/td><td class=\"column-2\">R$ 39.690,60<\/td>\n<\/tr>\n<tr class=\"row-31\">\n\t<td class=\"column-1\">De R$ 25.576.000,01 at\u00e9 R$ 28.773.000,00<\/td><td class=\"column-2\">R$ 44.757,80<\/td>\n<\/tr>\n<tr class=\"row-32\">\n\t<td class=\"column-1\">De R$ 28.773.000,01 at\u00e9 R$ 31.970.000,00<\/td><td class=\"column-2\">R$ 49.825,01<\/td>\n<\/tr>\n<tr class=\"row-33\">\n\t<td class=\"column-1\">De R$ 31.970.000,01 at\u00e9 R$ 35.167.000,00<\/td><td class=\"column-2\">R$ 54.892,22<\/td>\n<\/tr>\n<tr class=\"row-34\">\n\t<td class=\"column-1\">De R$ 35.167.000,01 at\u00e9 R$ 38.364.000,00<\/td><td class=\"column-2\">R$ 59.959,43<\/td>\n<\/tr>\n<tr class=\"row-35\">\n\t<td class=\"column-1\">De R$ 38.364.000,01 at\u00e9 R$ 41.561.000,00<\/td><td class=\"column-2\">R$ 65.026,62<\/td>\n<\/tr>\n<tr class=\"row-36\">\n\t<td class=\"column-1\">De R$ 41.561.000,01 at\u00e9 R$ 44.758.000,00<\/td><td class=\"column-2\">R$ 70.093,85<\/td>\n<\/tr>\n<tr class=\"row-37\">\n\t<td class=\"column-1\">De R$ 44.758.000,01 at\u00e9 R$ 47.955.000,00<\/td><td class=\"column-2\">R$ 75.161,04<\/td>\n<\/tr>\n<tr class=\"row-38\">\n\t<td class=\"column-1\">De R$ 47.955.000,01 at\u00e9 R$ 54.349.000,00<\/td><td class=\"column-2\">R$ 82.761,83<\/td>\n<\/tr>\n<tr class=\"row-39\">\n\t<td class=\"column-1\">De R$ 54.349.000,01 at\u00e9 R$ 60.743.000,00<\/td><td class=\"column-2\">R$ 92.896,25<\/td>\n<\/tr>\n<tr class=\"row-40\">\n\t<td class=\"column-1\">De R$ 60.743.000,01 at\u00e9 R$ 67.137.000,00<\/td><td class=\"column-2\">R$ 103.030,66<\/td>\n<\/tr>\n<tr class=\"row-41\">\n\t<td class=\"column-1\">De R$ 67.137.000,01 at\u00e9 R$ 73.531.000,00\t<\/td><td class=\"column-2\">R$ 113.165,06<\/td>\n<\/tr>\n<tr class=\"row-42\">\n\t<td class=\"column-1\">De R$ 73.531.000,01 at\u00e9 R$ 79.925.000,00<\/td><td class=\"column-2\">R$ 123.299,47<\/td>\n<\/tr>\n<tr class=\"row-43\">\n\t<td class=\"column-1\">De R$ 79.925.000,01 at\u00e9 R$ 86.319.000,00<\/td><td class=\"column-2\">R$ 133.433,90<\/td>\n<\/tr>\n<tr class=\"row-44\">\n\t<td class=\"column-1\">De R$ 86.319.000,01 at\u00e9 R$ 92.713.000,00<\/td><td class=\"column-2\">R$ 143.568,30<\/td>\n<\/tr>\n<tr class=\"row-45\">\n\t<td class=\"column-1\">De R$ 92.713.000,01 at\u00e9 R$ 99.107.000,00<\/td><td class=\"column-2\">R$ 153.702,72<\/td>\n<\/tr>\n<tr class=\"row-46\">\n\t<td class=\"column-1\">De R$ 99.107.000,01 at\u00e9 R$ 105.501.000,00\t<\/td><td class=\"column-2\">R$ 163.837,12<\/td>\n<\/tr>\n<tr class=\"row-47\">\n\t<td class=\"column-1\">De R$ 105.501.000,01 at\u00e9 R$ 111.895.000,00<\/td><td class=\"column-2\">R$ 173.971,54<\/td>\n<\/tr>\n<tr class=\"row-48\">\n\t<td class=\"column-1\">De R$ 111.895.000,01 at\u00e9 R$ 118.289.000,00\t<\/td><td class=\"column-2\">R$ 184.105,95<\/td>\n<\/tr>\n<tr class=\"row-49\">\n\t<td class=\"column-1\">Acima de R$ 118.289.000,01<\/td><td class=\"column-2\">R$ 194.830,71<\/td>\n<\/tr>\n<\/tbody>\n<\/table>\n<!-- #tablepress-5 from cache --><\/div>\n\t\t\t\t\t\t<\/div>\n\t\t\t\t<\/div>\n\t\t\t\t\t<\/div>\n\t\t<\/div>\n\t\t\t\t\t<\/div>\n\t\t<\/section>\n\t\t\t\t\t<\/div>\n\t\t<\/div>\n\t\t\t\t\t<\/div>\n\t\t<\/section>\n\t\t\t\t<\/div>\n\t\t","protected":false},"excerpt":{"rendered":"<p>Taxas cobradas pelo Cart\u00f3rio Emolumentos Tabelionato de Notas Cart\u00f3rio de Registro de Im\u00f3veis<\/p>\n","protected":false},"author":1,"featured_media":0,"parent":0,"menu_order":0,"comment_status":"closed","ping_status":"closed","template":"","meta":{"site-sidebar-layout":"no-sidebar","site-content-layout":"page-builder","ast-site-content-layout":"default","site-content-style":"default","site-sidebar-style":"default","ast-global-header-display":"","ast-banner-title-visibility":"","ast-main-header-display":"","ast-hfb-above-header-display":"","ast-hfb-below-header-display":"","ast-hfb-mobile-header-display":"","site-post-title":"disabled","ast-breadcrumbs-content":"disabled","ast-featured-img":"disabled","footer-sml-layout":"","ast-disable-related-posts":"","theme-transparent-header-meta":"disabled","adv-header-id-meta":"","stick-header-meta":"","header-above-stick-meta":"","header-main-stick-meta":"","header-below-stick-meta":"","astra-migrate-meta-layouts":"default","ast-page-background-enabled":"default","ast-page-background-meta":{"desktop":{"background-color":"","background-image":"","background-repeat":"repeat","background-position":"center center","background-size":"auto","background-attachment":"scroll","background-type":"","background-media":"","overlay-type":"","overlay-color":"","overlay-opacity":"","overlay-gradient":""},"tablet":{"background-color":"","background-image":"","background-repeat":"repeat","background-position":"center center","background-size":"auto","background-attachment":"scroll","background-type":"","background-media":"","overlay-type":"","overlay-color":"","overlay-opacity":"","overlay-gradient":""},"mobile":{"background-color":"","background-image":"","background-repeat":"repeat","background-position":"center center","background-size":"auto","background-attachment":"scroll","background-type":"","background-media":"","overlay-type":"","overlay-color":"","overlay-opacity":"","overlay-gradient":""}},"ast-content-background-meta":{"desktop":{"background-color":"var(--ast-global-color-5)","background-image":"","background-repeat":"repeat","background-position":"center center","background-size":"auto","background-attachment":"scroll","background-type":"","background-media":"","overlay-type":"","overlay-color":"","overlay-opacity":"","overlay-gradient":""},"tablet":{"background-color":"var(--ast-global-color-5)","background-image":"","background-repeat":"repeat","background-position":"center center","background-size":"auto","background-attachment":"scroll","background-type":"","background-media":"","overlay-type":"","overlay-color":"","overlay-opacity":"","overlay-gradient":""},"mobile":{"background-color":"var(--ast-global-color-5)","background-image":"","background-repeat":"repeat","background-position":"center center","background-size":"auto","background-attachment":"scroll","background-type":"","background-media":"","overlay-type":"","overlay-color":"","overlay-opacity":"","overlay-gradient":""}},"footnotes":""},"class_list":["post-29","page","type-page","status-publish","hentry"],"_links":{"self":[{"href":"https:\/\/anacarolinabiasi.com.br\/index.php\/wp-json\/wp\/v2\/pages\/29","targetHints":{"allow":["GET"]}}],"collection":[{"href":"https:\/\/anacarolinabiasi.com.br\/index.php\/wp-json\/wp\/v2\/pages"}],"about":[{"href":"https:\/\/anacarolinabiasi.com.br\/index.php\/wp-json\/wp\/v2\/types\/page"}],"author":[{"embeddable":true,"href":"https:\/\/anacarolinabiasi.com.br\/index.php\/wp-json\/wp\/v2\/users\/1"}],"replies":[{"embeddable":true,"href":"https:\/\/anacarolinabiasi.com.br\/index.php\/wp-json\/wp\/v2\/comments?post=29"}],"version-history":[{"count":31,"href":"https:\/\/anacarolinabiasi.com.br\/index.php\/wp-json\/wp\/v2\/pages\/29\/revisions"}],"predecessor-version":[{"id":1331,"href":"https:\/\/anacarolinabiasi.com.br\/index.php\/wp-json\/wp\/v2\/pages\/29\/revisions\/1331"}],"wp:attachment":[{"href":"https:\/\/anacarolinabiasi.com.br\/index.php\/wp-json\/wp\/v2\/media?parent=29"}],"curies":[{"name":"wp","href":"https:\/\/api.w.org\/{rel}","templated":true}]}}