{"id":654,"date":"2021-02-20T16:46:56","date_gmt":"2021-02-20T16:46:56","guid":{"rendered":"https:\/\/anacarolinabiasi.com.br\/index.php\/one-on-one-counseling\/"},"modified":"2022-06-22T00:09:37","modified_gmt":"2022-06-22T03:09:37","slug":"one-on-one-counseling","status":"publish","type":"page","link":"https:\/\/anacarolinabiasi.com.br\/index.php\/one-on-one-counseling\/","title":{"rendered":"One-on-One Counseling"},"content":{"rendered":"\t\t<div data-elementor-type=\"wp-page\" data-elementor-id=\"654\" class=\"elementor elementor-654\">\n\t\t\t\t\t\t<section class=\"elementor-section elementor-top-section elementor-element elementor-element-714dfca elementor-section-height-min-height elementor-section-boxed elementor-section-height-default elementor-section-items-middle\" data-id=\"714dfca\" data-element_type=\"section\" data-e-type=\"section\" data-settings=\"{&quot;background_background&quot;:&quot;classic&quot;}\">\n\t\t\t\t\t\t\t<div class=\"elementor-background-overlay\"><\/div>\n\t\t\t\t\t\t\t<div class=\"elementor-container elementor-column-gap-no\">\n\t\t\t\t\t<div class=\"elementor-column elementor-col-100 elementor-top-column elementor-element elementor-element-7a2bfd0\" data-id=\"7a2bfd0\" data-element_type=\"column\" data-e-type=\"column\">\n\t\t\t<div class=\"elementor-widget-wrap elementor-element-populated\">\n\t\t\t\t\t\t<div class=\"elementor-element elementor-element-e3b1374 elementor-widget elementor-widget-heading\" data-id=\"e3b1374\" data-element_type=\"widget\" data-e-type=\"widget\" data-widget_type=\"heading.default\">\n\t\t\t\t<div class=\"elementor-widget-container\">\n\t\t\t\t\t<h6 class=\"elementor-heading-title elementor-size-default\">\u00c1reas de atua\u00e7\u00e3o <\/h6>\t\t\t\t<\/div>\n\t\t\t\t<\/div>\n\t\t\t\t<div class=\"elementor-element elementor-element-d1e7c8e elementor-widget elementor-widget-heading\" data-id=\"d1e7c8e\" data-element_type=\"widget\" data-e-type=\"widget\" data-widget_type=\"heading.default\">\n\t\t\t\t<div class=\"elementor-widget-container\">\n\t\t\t\t\t<h1 class=\"elementor-heading-title elementor-size-default\">Assessoria jur\u00eddica imobili\u00e1ria<\/h1>\t\t\t\t<\/div>\n\t\t\t\t<\/div>\n\t\t\t\t\t<\/div>\n\t\t<\/div>\n\t\t\t\t\t<\/div>\n\t\t<\/section>\n\t\t\t\t<section class=\"elementor-section elementor-top-section elementor-element elementor-element-6697b7c elementor-section-boxed elementor-section-height-default elementor-section-height-default\" data-id=\"6697b7c\" data-element_type=\"section\" data-e-type=\"section\" data-settings=\"{&quot;background_background&quot;:&quot;gradient&quot;}\">\n\t\t\t\t\t\t<div class=\"elementor-container elementor-column-gap-no\">\n\t\t\t\t\t<div class=\"elementor-column elementor-col-100 elementor-top-column elementor-element elementor-element-f24b3cb\" data-id=\"f24b3cb\" data-element_type=\"column\" data-e-type=\"column\">\n\t\t\t<div class=\"elementor-widget-wrap elementor-element-populated\">\n\t\t\t\t\t\t<section class=\"elementor-section elementor-inner-section elementor-element elementor-element-c859da2 elementor-section-boxed elementor-section-height-default elementor-section-height-default\" data-id=\"c859da2\" data-element_type=\"section\" data-e-type=\"section\">\n\t\t\t\t\t\t<div class=\"elementor-container elementor-column-gap-no\">\n\t\t\t\t\t<div class=\"elementor-column elementor-col-100 elementor-inner-column elementor-element elementor-element-033c573\" data-id=\"033c573\" data-element_type=\"column\" data-e-type=\"column\">\n\t\t\t<div class=\"elementor-widget-wrap elementor-element-populated\">\n\t\t\t\t\t\t<div class=\"elementor-element elementor-element-a366f5c elementor-widget elementor-widget-heading\" data-id=\"a366f5c\" data-element_type=\"widget\" data-e-type=\"widget\" data-widget_type=\"heading.default\">\n\t\t\t\t<div class=\"elementor-widget-container\">\n\t\t\t\t\t<h3 class=\"elementor-heading-title elementor-size-default\">Direito Imobili\u00e1rio Extrajudicial <\/h3>\t\t\t\t<\/div>\n\t\t\t\t<\/div>\n\t\t\t\t<div class=\"elementor-element elementor-element-373dc78 elementor-widget-divider--view-line elementor-widget elementor-widget-divider\" data-id=\"373dc78\" data-element_type=\"widget\" data-e-type=\"widget\" data-widget_type=\"divider.default\">\n\t\t\t\t<div class=\"elementor-widget-container\">\n\t\t\t\t\t\t\t<div class=\"elementor-divider\">\n\t\t\t<span class=\"elementor-divider-separator\">\n\t\t\t\t\t\t<\/span>\n\t\t<\/div>\n\t\t\t\t\t\t<\/div>\n\t\t\t\t<\/div>\n\t\t\t\t\t<\/div>\n\t\t<\/div>\n\t\t\t\t\t<\/div>\n\t\t<\/section>\n\t\t\t\t<section class=\"elementor-section elementor-inner-section elementor-element elementor-element-6815992 elementor-section-boxed elementor-section-height-default elementor-section-height-default\" data-id=\"6815992\" data-element_type=\"section\" data-e-type=\"section\">\n\t\t\t\t\t\t<div class=\"elementor-container elementor-column-gap-default\">\n\t\t\t\t\t<div class=\"elementor-column elementor-col-100 elementor-inner-column elementor-element elementor-element-04fc8c8\" data-id=\"04fc8c8\" data-element_type=\"column\" data-e-type=\"column\">\n\t\t\t<div class=\"elementor-widget-wrap elementor-element-populated\">\n\t\t\t\t\t\t<div class=\"elementor-element elementor-element-6b35720 elementor-widget elementor-widget-text-editor\" data-id=\"6b35720\" data-element_type=\"widget\" data-e-type=\"widget\" data-widget_type=\"text-editor.default\">\n\t\t\t\t<div class=\"elementor-widget-container\">\n\t\t\t\t\t\t\t\t\t<h6>\u00a01. Escrituras de Compra e Venda, Doa\u00e7\u00e3o, Usufruto, Da\u00e7\u00e3o em pagamento, Permuta e demais neg\u00f3cios jur\u00eddicos que envolvam im\u00f3veis<\/h6><h6>2. Testamentos P\u00fablicos e\/ou Particulares<\/h6><h6>3. Elabora\u00e7\u00e3o de Instrumentos Particulares, Promessa de Compra e Venda, Acordos e Minutas<\/h6><h6>4. Retifica\u00e7\u00f5es de Registro P\u00fablico<\/h6><h6>5. Assist\u00eancia em Pactos Antenupciais e P\u00f3s-nupciais<\/h6><h6>\u00a06. Planejamento Patrimonial e Sucess\u00f3rio<\/h6><h6>7. Notifica\u00e7\u00f5es Extrajudiciais\u00a0<\/h6><h6>8. Obten\u00e7\u00e3o e an\u00e1lise de Certid\u00f5es dos Cart\u00f3rios Extrajudiciais<\/h6><h6>9. Assist\u00eancia no Registro de Im\u00f3veis assim como nos demais Registros P\u00fablicos<\/h6><h6>10. Cumprimento de exig\u00eancias junto aos procedimentos em tramita\u00e7\u00e3o nos Registros P\u00fablicos<\/h6><h6>11. Assist\u00eancia na Lavratura de Procura\u00e7\u00f5es P\u00fablicas<\/h6><h6>12. Assist\u00eancia na Lavratura de Atas Notariais<\/h6><h6>13. An\u00e1lise de risco nas transa\u00e7\u00f5es imobili\u00e1rias<\/h6><h6>14. Regulariza\u00e7\u00e3o de im\u00f3veis (ex.: usucapi\u00e3o, invent\u00e1rio, cess\u00e3o de direitos heredit\u00e1rios)<\/h6><p>\u00a0<\/p>\t\t\t\t\t\t\t\t<\/div>\n\t\t\t\t<\/div>\n\t\t\t\t\t<\/div>\n\t\t<\/div>\n\t\t\t\t\t<\/div>\n\t\t<\/section>\n\t\t\t\t\t<\/div>\n\t\t<\/div>\n\t\t\t\t\t<\/div>\n\t\t<\/section>\n\t\t\t\t<\/div>\n\t\t","protected":false},"excerpt":{"rendered":"<p>\u00c1reas de atua\u00e7\u00e3o Assessoria jur\u00eddica imobili\u00e1ria Direito Imobili\u00e1rio Extrajudicial \u00a01. Escrituras de Compra e Venda, Doa\u00e7\u00e3o, Usufruto, Da\u00e7\u00e3o em pagamento, Permuta e demais neg\u00f3cios jur\u00eddicos que envolvam im\u00f3veis 2. Testamentos P\u00fablicos e\/ou Particulares 3. Elabora\u00e7\u00e3o de Instrumentos Particulares, Promessa de Compra e Venda, Acordos e Minutas 4. Retifica\u00e7\u00f5es de Registro P\u00fablico 5. Assist\u00eancia em Pactos [&hellip;]<\/p>\n","protected":false},"author":1,"featured_media":0,"parent":0,"menu_order":0,"comment_status":"closed","ping_status":"closed","template":"","meta":{"site-sidebar-layout":"no-sidebar","site-content-layout":"page-builder","ast-site-content-layout":"default","site-content-style":"default","site-sidebar-style":"default","ast-global-header-display":"","ast-banner-title-visibility":"","ast-main-header-display":"","ast-hfb-above-header-display":"","ast-hfb-below-header-display":"","ast-hfb-mobile-header-display":"","site-post-title":"disabled","ast-breadcrumbs-content":"disabled","ast-featured-img":"disabled","footer-sml-layout":"","ast-disable-related-posts":"","theme-transparent-header-meta":"default","adv-header-id-meta":"","stick-header-meta":"","header-above-stick-meta":"","header-main-stick-meta":"","header-below-stick-meta":"","astra-migrate-meta-layouts":"default","ast-page-background-enabled":"default","ast-page-background-meta":{"desktop":{"background-color":"","background-image":"","background-repeat":"repeat","background-position":"center center","background-size":"auto","background-attachment":"scroll","background-type":"","background-media":"","overlay-type":"","overlay-color":"","overlay-opacity":"","overlay-gradient":""},"tablet":{"background-color":"","background-image":"","background-repeat":"repeat","background-position":"center center","background-size":"auto","background-attachment":"scroll","background-type":"","background-media":"","overlay-type":"","overlay-color":"","overlay-opacity":"","overlay-gradient":""},"mobile":{"background-color":"","background-image":"","background-repeat":"repeat","background-position":"center center","background-size":"auto","background-attachment":"scroll","background-type":"","background-media":"","overlay-type":"","overlay-color":"","overlay-opacity":"","overlay-gradient":""}},"ast-content-background-meta":{"desktop":{"background-color":"var(--ast-global-color-5)","background-image":"","background-repeat":"repeat","background-position":"center center","background-size":"auto","background-attachment":"scroll","background-type":"","background-media":"","overlay-type":"","overlay-color":"","overlay-opacity":"","overlay-gradient":""},"tablet":{"background-color":"var(--ast-global-color-5)","background-image":"","background-repeat":"repeat","background-position":"center center","background-size":"auto","background-attachment":"scroll","background-type":"","background-media":"","overlay-type":"","overlay-color":"","overlay-opacity":"","overlay-gradient":""},"mobile":{"background-color":"var(--ast-global-color-5)","background-image":"","background-repeat":"repeat","background-position":"center center","background-size":"auto","background-attachment":"scroll","background-type":"","background-media":"","overlay-type":"","overlay-color":"","overlay-opacity":"","overlay-gradient":""}},"footnotes":""},"class_list":["post-654","page","type-page","status-publish","hentry"],"_links":{"self":[{"href":"https:\/\/anacarolinabiasi.com.br\/index.php\/wp-json\/wp\/v2\/pages\/654","targetHints":{"allow":["GET"]}}],"collection":[{"href":"https:\/\/anacarolinabiasi.com.br\/index.php\/wp-json\/wp\/v2\/pages"}],"about":[{"href":"https:\/\/anacarolinabiasi.com.br\/index.php\/wp-json\/wp\/v2\/types\/page"}],"author":[{"embeddable":true,"href":"https:\/\/anacarolinabiasi.com.br\/index.php\/wp-json\/wp\/v2\/users\/1"}],"replies":[{"embeddable":true,"href":"https:\/\/anacarolinabiasi.com.br\/index.php\/wp-json\/wp\/v2\/comments?post=654"}],"version-history":[{"count":28,"href":"https:\/\/anacarolinabiasi.com.br\/index.php\/wp-json\/wp\/v2\/pages\/654\/revisions"}],"predecessor-version":[{"id":1359,"href":"https:\/\/anacarolinabiasi.com.br\/index.php\/wp-json\/wp\/v2\/pages\/654\/revisions\/1359"}],"wp:attachment":[{"href":"https:\/\/anacarolinabiasi.com.br\/index.php\/wp-json\/wp\/v2\/media?parent=654"}],"curies":[{"name":"wp","href":"https:\/\/api.w.org\/{rel}","templated":true}]}}